{"id":649,"date":"2017-02-13T15:26:49","date_gmt":"2017-02-13T13:26:49","guid":{"rendered":"https:\/\/lucky4.ee\/asukoht\/"},"modified":"2025-05-28T12:38:30","modified_gmt":"2025-05-28T09:38:30","slug":"asukoht","status":"publish","type":"page","link":"https:\/\/www.lucky4.ee\/en\/asukoht\/","title":{"rendered":"Location"},"content":{"rendered":"<p>Mustj\u00f5e 39 &amp; 39a commercial building and Lucky 4 commercial area is situated right between Haabersti and Kristiine districts. In this area, social and technical infrastructure is well developed and this enables easy access to the commercial premises by foot and by car. Thanks to important roads and the vicinity of city centre, the surroundings of Laki street have become a pulling point for small and middle sized enterprises. Urban environment surrounding Laki street is constantly becoming more attractive thanks to new commercial and residential buildings being built there.<\/p>\n<p>The district\u2019s location in the vicinity of Mustam\u00e4e road ensures quick access to the city centre. At the same time, Tammsaare road can be used to reach J\u00e4rvevana road, where one can head towards \u00dclemiste, Tartu highway and St. Petersburg road without driving through the city centre. A quick escape out of the city towards Keila is enabled by Paldiski highway. A five minute walk away from the Lucky 4 business district is Forelli bus stop, that is serviced by the bus line 9, which takes it\u2019s passengers to Kadaka road.<\/p>\n","protected":false},"excerpt":{"rendered":"<p>Mustj\u00f5e 39 &amp; 39a commercial building and Lucky 4 commercial area is situated right between Haabersti and Kristiine districts. In this area, social and technical infrastructure is well developed and this enables easy access to the commercial premises by foot and by car. Thanks to important roads and the vicinity of city centre, the surroundings [&hellip;]<\/p>\n","protected":false},"author":8,"featured_media":0,"parent":0,"menu_order":0,"comment_status":"closed","ping_status":"closed","template":"templates\/template-location.php","meta":{"_acf_changed":false,"footnotes":""},"class_list":["post-649","page","type-page","status-publish","hentry"],"acf":[],"yoast_head":"<!-- This site is optimized with the Yoast SEO plugin v27.2 - https:\/\/yoast.com\/product\/yoast-seo-wordpress\/ -->\n<title>Location - Lucky 4 \u00e4rikvartal<\/title>\n<meta name=\"robots\" content=\"index, follow, max-snippet:-1, max-image-preview:large, max-video-preview:-1\" \/>\n<link rel=\"canonical\" href=\"https:\/\/www.lucky4.ee\/en\/asukoht\/\" \/>\n<meta property=\"og:locale\" content=\"en_US\" \/>\n<meta property=\"og:type\" content=\"article\" \/>\n<meta property=\"og:title\" content=\"Location - Lucky 4 \u00e4rikvartal\" \/>\n<meta property=\"og:description\" content=\"Mustj\u00f5e 39 &amp; 39a commercial building and Lucky 4 commercial area is situated right between Haabersti and Kristiine districts. In this area, social and technical infrastructure is well developed and this enables easy access to the commercial premises by foot and by car. Thanks to important roads and the vicinity of city centre, the surroundings [&hellip;]\" \/>\n<meta property=\"og:url\" content=\"https:\/\/www.lucky4.ee\/en\/asukoht\/\" \/>\n<meta property=\"og:site_name\" content=\"Lucky 4 \u00e4rikvartal\" \/>\n<meta property=\"article:modified_time\" content=\"2025-05-28T09:38:30+00:00\" \/>\n<meta name=\"twitter:card\" content=\"summary_large_image\" \/>\n<meta name=\"twitter:label1\" content=\"Est. reading time\" \/>\n\t<meta name=\"twitter:data1\" content=\"1 minute\" \/>\n<script type=\"application\/ld+json\" class=\"yoast-schema-graph\">{\"@context\":\"https:\/\/schema.org\",\"@graph\":[{\"@type\":\"WebPage\",\"@id\":\"https:\/\/www.lucky4.ee\/en\/asukoht\/\",\"url\":\"https:\/\/www.lucky4.ee\/en\/asukoht\/\",\"name\":\"Location - Lucky 4 \u00e4rikvartal\",\"isPartOf\":{\"@id\":\"https:\/\/lucky4.ee\/#website\"},\"datePublished\":\"2017-02-13T13:26:49+00:00\",\"dateModified\":\"2025-05-28T09:38:30+00:00\",\"breadcrumb\":{\"@id\":\"https:\/\/www.lucky4.ee\/en\/asukoht\/#breadcrumb\"},\"inLanguage\":\"en-US\",\"potentialAction\":[{\"@type\":\"ReadAction\",\"target\":[\"https:\/\/www.lucky4.ee\/en\/asukoht\/\"]}]},{\"@type\":\"BreadcrumbList\",\"@id\":\"https:\/\/www.lucky4.ee\/en\/asukoht\/#breadcrumb\",\"itemListElement\":[{\"@type\":\"ListItem\",\"position\":1,\"name\":\"Home\",\"item\":\"https:\/\/www.lucky4.ee\/en\/\"},{\"@type\":\"ListItem\",\"position\":2,\"name\":\"Location\"}]},{\"@type\":\"WebSite\",\"@id\":\"https:\/\/lucky4.ee\/#website\",\"url\":\"https:\/\/lucky4.ee\/\",\"name\":\"Lucky 4 \u00e4rikvartal\",\"description\":\"Ehitus on alanud!\",\"publisher\":{\"@id\":\"https:\/\/lucky4.ee\/#organization\"},\"potentialAction\":[{\"@type\":\"SearchAction\",\"target\":{\"@type\":\"EntryPoint\",\"urlTemplate\":\"https:\/\/lucky4.ee\/?s={search_term_string}\"},\"query-input\":{\"@type\":\"PropertyValueSpecification\",\"valueRequired\":true,\"valueName\":\"search_term_string\"}}],\"inLanguage\":\"en-US\"},{\"@type\":\"Organization\",\"@id\":\"https:\/\/lucky4.ee\/#organization\",\"name\":\"Lucky 4 \u00e4rikvartal\",\"url\":\"https:\/\/lucky4.ee\/\",\"logo\":{\"@type\":\"ImageObject\",\"inLanguage\":\"en-US\",\"@id\":\"https:\/\/lucky4.ee\/#\/schema\/logo\/image\/\",\"url\":\"https:\/\/lucky4.ee\/wp-content\/uploads\/2020\/02\/logo.png\",\"contentUrl\":\"https:\/\/lucky4.ee\/wp-content\/uploads\/2020\/02\/logo.png\",\"width\":2127,\"height\":759,\"caption\":\"Lucky 4 \u00e4rikvartal\"},\"image\":{\"@id\":\"https:\/\/lucky4.ee\/#\/schema\/logo\/image\/\"}}]}<\/script>\n<!-- \/ Yoast SEO plugin. -->","yoast_head_json":{"title":"Location - Lucky 4 \u00e4rikvartal","robots":{"index":"index","follow":"follow","max-snippet":"max-snippet:-1","max-image-preview":"max-image-preview:large","max-video-preview":"max-video-preview:-1"},"canonical":"https:\/\/www.lucky4.ee\/en\/asukoht\/","og_locale":"en_US","og_type":"article","og_title":"Location - Lucky 4 \u00e4rikvartal","og_description":"Mustj\u00f5e 39 &amp; 39a commercial building and Lucky 4 commercial area is situated right between Haabersti and Kristiine districts. In this area, social and technical infrastructure is well developed and this enables easy access to the commercial premises by foot and by car. Thanks to important roads and the vicinity of city centre, the surroundings [&hellip;]","og_url":"https:\/\/www.lucky4.ee\/en\/asukoht\/","og_site_name":"Lucky 4 \u00e4rikvartal","article_modified_time":"2025-05-28T09:38:30+00:00","twitter_card":"summary_large_image","twitter_misc":{"Est. reading time":"1 minute"},"schema":{"@context":"https:\/\/schema.org","@graph":[{"@type":"WebPage","@id":"https:\/\/www.lucky4.ee\/en\/asukoht\/","url":"https:\/\/www.lucky4.ee\/en\/asukoht\/","name":"Location - Lucky 4 \u00e4rikvartal","isPartOf":{"@id":"https:\/\/lucky4.ee\/#website"},"datePublished":"2017-02-13T13:26:49+00:00","dateModified":"2025-05-28T09:38:30+00:00","breadcrumb":{"@id":"https:\/\/www.lucky4.ee\/en\/asukoht\/#breadcrumb"},"inLanguage":"en-US","potentialAction":[{"@type":"ReadAction","target":["https:\/\/www.lucky4.ee\/en\/asukoht\/"]}]},{"@type":"BreadcrumbList","@id":"https:\/\/www.lucky4.ee\/en\/asukoht\/#breadcrumb","itemListElement":[{"@type":"ListItem","position":1,"name":"Home","item":"https:\/\/www.lucky4.ee\/en\/"},{"@type":"ListItem","position":2,"name":"Location"}]},{"@type":"WebSite","@id":"https:\/\/lucky4.ee\/#website","url":"https:\/\/lucky4.ee\/","name":"Lucky 4 \u00e4rikvartal","description":"Ehitus on alanud!","publisher":{"@id":"https:\/\/lucky4.ee\/#organization"},"potentialAction":[{"@type":"SearchAction","target":{"@type":"EntryPoint","urlTemplate":"https:\/\/lucky4.ee\/?s={search_term_string}"},"query-input":{"@type":"PropertyValueSpecification","valueRequired":true,"valueName":"search_term_string"}}],"inLanguage":"en-US"},{"@type":"Organization","@id":"https:\/\/lucky4.ee\/#organization","name":"Lucky 4 \u00e4rikvartal","url":"https:\/\/lucky4.ee\/","logo":{"@type":"ImageObject","inLanguage":"en-US","@id":"https:\/\/lucky4.ee\/#\/schema\/logo\/image\/","url":"https:\/\/lucky4.ee\/wp-content\/uploads\/2020\/02\/logo.png","contentUrl":"https:\/\/lucky4.ee\/wp-content\/uploads\/2020\/02\/logo.png","width":2127,"height":759,"caption":"Lucky 4 \u00e4rikvartal"},"image":{"@id":"https:\/\/lucky4.ee\/#\/schema\/logo\/image\/"}}]}},"_links":{"self":[{"href":"https:\/\/www.lucky4.ee\/en\/wp-json\/wp\/v2\/pages\/649","targetHints":{"allow":["GET"]}}],"collection":[{"href":"https:\/\/www.lucky4.ee\/en\/wp-json\/wp\/v2\/pages"}],"about":[{"href":"https:\/\/www.lucky4.ee\/en\/wp-json\/wp\/v2\/types\/page"}],"author":[{"embeddable":true,"href":"https:\/\/www.lucky4.ee\/en\/wp-json\/wp\/v2\/users\/8"}],"replies":[{"embeddable":true,"href":"https:\/\/www.lucky4.ee\/en\/wp-json\/wp\/v2\/comments?post=649"}],"version-history":[{"count":0,"href":"https:\/\/www.lucky4.ee\/en\/wp-json\/wp\/v2\/pages\/649\/revisions"}],"wp:attachment":[{"href":"https:\/\/www.lucky4.ee\/en\/wp-json\/wp\/v2\/media?parent=649"}],"curies":[{"name":"wp","href":"https:\/\/api.w.org\/{rel}","templated":true}]}}